{"id":1232,"date":"2024-01-22T17:48:09","date_gmt":"2024-01-22T16:48:09","guid":{"rendered":"http:\/\/nmmassage.fr\/?page_id=1232"},"modified":"2024-03-06T22:04:19","modified_gmt":"2024-03-06T21:04:19","slug":"mentions-legales","status":"publish","type":"page","link":"https:\/\/nmmassage.fr\/index.php\/mentions-legales\/","title":{"rendered":"Mentions l\u00e9gales"},"content":{"rendered":"\t\t<div data-elementor-type=\"wp-page\" data-elementor-id=\"1232\" class=\"elementor elementor-1232\">\n\t\t\t\t\t\t<section class=\"elementor-section elementor-top-section elementor-element elementor-element-4d02a7b elementor-section-boxed elementor-section-height-default elementor-section-height-default exad-glass-effect-no exad-sticky-section-no\" data-id=\"4d02a7b\" data-element_type=\"section\" data-e-type=\"section\">\n\t\t\t\t\t\t<div class=\"elementor-container elementor-column-gap-default\">\n\t\t\t\t\t<div class=\"elementor-column elementor-col-100 elementor-top-column elementor-element elementor-element-94cf255 exad-glass-effect-no exad-sticky-section-no\" data-id=\"94cf255\" data-element_type=\"column\" data-e-type=\"column\">\n\t\t\t<div class=\"elementor-widget-wrap elementor-element-populated\">\n\t\t\t\t\t\t<section class=\"elementor-section elementor-inner-section elementor-element elementor-element-48dbb40 elementor-section-boxed elementor-section-height-default elementor-section-height-default exad-glass-effect-no exad-sticky-section-no\" data-id=\"48dbb40\" data-element_type=\"section\" data-e-type=\"section\">\n\t\t\t\t\t\t<div class=\"elementor-container elementor-column-gap-default\">\n\t\t\t\t\t<div class=\"elementor-column elementor-col-100 elementor-inner-column elementor-element elementor-element-fb6b3d8 exad-glass-effect-no exad-sticky-section-no\" data-id=\"fb6b3d8\" data-element_type=\"column\" data-e-type=\"column\">\n\t\t\t<div class=\"elementor-widget-wrap elementor-element-populated\">\n\t\t\t\t\t\t<div class=\"elementor-element elementor-element-b5b6d94 elementor-widget__width-initial exad-sticky-section-no exad-glass-effect-no elementor-widget elementor-widget-image\" data-id=\"b5b6d94\" data-element_type=\"widget\" data-e-type=\"widget\" data-widget_type=\"image.default\">\n\t\t\t\t<div class=\"elementor-widget-container\">\n\t\t\t\t\t\t\t\t\t\t\t\t\t\t\t<img decoding=\"async\" src=\"https:\/\/nmmassage.fr\/wp-content\/uploads\/elementor\/thumbs\/MentionsLegales-e1706895546850-qj87497r9bhds6nl9vdsjzkmv8t0v3eiybg72nyjto.png\" title=\"MentionsLegales\" alt=\"MentionsLegales\" loading=\"lazy\" \/>\t\t\t\t\t\t\t\t\t\t\t\t\t\t\t<\/div>\n\t\t\t\t<\/div>\n\t\t\t\t\t<\/div>\n\t\t<\/div>\n\t\t\t\t\t<\/div>\n\t\t<\/section>\n\t\t\t\t\t<\/div>\n\t\t<\/div>\n\t\t\t\t\t<\/div>\n\t\t<\/section>\n\t\t\t\t<section class=\"elementor-section elementor-top-section elementor-element elementor-element-a4f5748 elementor-section-boxed elementor-section-height-default elementor-section-height-default exad-glass-effect-no exad-sticky-section-no\" data-id=\"a4f5748\" data-element_type=\"section\" data-e-type=\"section\">\n\t\t\t\t\t\t<div class=\"elementor-container elementor-column-gap-default\">\n\t\t\t\t\t<div class=\"elementor-column elementor-col-100 elementor-top-column elementor-element elementor-element-258438b exad-glass-effect-no exad-sticky-section-no\" data-id=\"258438b\" data-element_type=\"column\" data-e-type=\"column\" data-settings=\"{&quot;background_background&quot;:&quot;classic&quot;}\">\n\t\t\t<div class=\"elementor-widget-wrap elementor-element-populated\">\n\t\t\t\t\t\t<div class=\"elementor-element elementor-element-2623382 exad-sticky-section-no exad-glass-effect-no elementor-widget elementor-widget-heading\" data-id=\"2623382\" data-element_type=\"widget\" data-e-type=\"widget\" data-widget_type=\"heading.default\">\n\t\t\t\t<div class=\"elementor-widget-container\">\n\t\t\t\t\t<h1 class=\"elementor-heading-title elementor-size-default\">Qui sommes-nous ?<\/h1>\t\t\t\t<\/div>\n\t\t\t\t<\/div>\n\t\t\t\t\t<\/div>\n\t\t<\/div>\n\t\t\t\t\t<\/div>\n\t\t<\/section>\n\t\t\t\t<section class=\"elementor-section elementor-top-section elementor-element elementor-element-ab8cb04 elementor-section-boxed elementor-section-height-default elementor-section-height-default exad-glass-effect-no exad-sticky-section-no\" data-id=\"ab8cb04\" data-element_type=\"section\" data-e-type=\"section\">\n\t\t\t\t\t\t<div class=\"elementor-container elementor-column-gap-default\">\n\t\t\t\t\t<div class=\"elementor-column elementor-col-50 elementor-top-column elementor-element elementor-element-ec8e2c4 exad-glass-effect-no exad-sticky-section-no\" data-id=\"ec8e2c4\" data-element_type=\"column\" data-e-type=\"column\" data-settings=\"{&quot;background_background&quot;:&quot;classic&quot;}\">\n\t\t\t<div class=\"elementor-widget-wrap elementor-element-populated\">\n\t\t\t\t\t\t<section class=\"elementor-section elementor-inner-section elementor-element elementor-element-fd2a6cd elementor-section-boxed elementor-section-height-default elementor-section-height-default exad-glass-effect-no exad-sticky-section-no\" data-id=\"fd2a6cd\" data-element_type=\"section\" data-e-type=\"section\">\n\t\t\t\t\t\t<div class=\"elementor-container elementor-column-gap-default\">\n\t\t\t\t\t<div class=\"elementor-column elementor-col-100 elementor-inner-column elementor-element elementor-element-cb84b20 exad-glass-effect-no exad-sticky-section-no\" data-id=\"cb84b20\" data-element_type=\"column\" data-e-type=\"column\">\n\t\t\t<div class=\"elementor-widget-wrap elementor-element-populated\">\n\t\t\t\t\t\t<div class=\"elementor-element elementor-element-93291d8 elementor-widget-divider--view-line exad-sticky-section-no exad-glass-effect-no elementor-widget elementor-widget-divider\" data-id=\"93291d8\" data-element_type=\"widget\" data-e-type=\"widget\" data-widget_type=\"divider.default\">\n\t\t\t\t<div class=\"elementor-widget-container\">\n\t\t\t\t\t\t\t<div class=\"elementor-divider\">\n\t\t\t<span class=\"elementor-divider-separator\">\n\t\t\t\t\t\t<\/span>\n\t\t<\/div>\n\t\t\t\t\t\t<\/div>\n\t\t\t\t<\/div>\n\t\t\t\t<div class=\"elementor-element elementor-element-f2dcd1f exad-sticky-section-no exad-glass-effect-no elementor-widget elementor-widget-image\" data-id=\"f2dcd1f\" data-element_type=\"widget\" data-e-type=\"widget\" data-widget_type=\"image.default\">\n\t\t\t\t<div class=\"elementor-widget-container\">\n\t\t\t\t\t\t\t\t\t\t\t\t\t\t\t<img fetchpriority=\"high\" decoding=\"async\" width=\"674\" height=\"384\" src=\"https:\/\/nmmassage.fr\/wp-content\/uploads\/2024\/01\/LOGO2.png\" class=\"attachment-large size-large wp-image-1008\" alt=\"\" srcset=\"https:\/\/nmmassage.fr\/wp-content\/uploads\/2024\/01\/LOGO2.png 674w, https:\/\/nmmassage.fr\/wp-content\/uploads\/2024\/01\/LOGO2-300x171.png 300w, https:\/\/nmmassage.fr\/wp-content\/uploads\/2024\/01\/elementor\/thumbs\/LOGO2-qieqfalfh6g43v2ffyqu4j7v3uyfihyd7zh4r1xjfs.png 175w\" sizes=\"(max-width: 674px) 100vw, 674px\" \/>\t\t\t\t\t\t\t\t\t\t\t\t\t\t\t<\/div>\n\t\t\t\t<\/div>\n\t\t\t\t<div class=\"elementor-element elementor-element-115c121 elementor-widget-divider--view-line exad-sticky-section-no exad-glass-effect-no elementor-widget elementor-widget-divider\" data-id=\"115c121\" data-element_type=\"widget\" data-e-type=\"widget\" data-widget_type=\"divider.default\">\n\t\t\t\t<div class=\"elementor-widget-container\">\n\t\t\t\t\t\t\t<div class=\"elementor-divider\">\n\t\t\t<span class=\"elementor-divider-separator\">\n\t\t\t\t\t\t<\/span>\n\t\t<\/div>\n\t\t\t\t\t\t<\/div>\n\t\t\t\t<\/div>\n\t\t\t\t<div class=\"elementor-element elementor-element-1d8b393 exad-sticky-section-no exad-glass-effect-no elementor-widget elementor-widget-image\" data-id=\"1d8b393\" data-element_type=\"widget\" data-e-type=\"widget\" data-widget_type=\"image.default\">\n\t\t\t\t<div class=\"elementor-widget-container\">\n\t\t\t\t\t\t\t\t\t\t\t\t\t\t\t<img decoding=\"async\" src=\"https:\/\/nmmassage.fr\/wp-content\/uploads\/elementor\/thumbs\/4-e1705440358482-qievp8t9ws5oejvhe1qnapvnk0rql8upttretwdp0c.png\" title=\"4\" alt=\"4\" loading=\"lazy\" \/>\t\t\t\t\t\t\t\t\t\t\t\t\t\t\t<\/div>\n\t\t\t\t<\/div>\n\t\t\t\t<div class=\"elementor-element elementor-element-bd6a7c2 exad-sticky-section-no exad-glass-effect-no elementor-widget elementor-widget-spacer\" data-id=\"bd6a7c2\" data-element_type=\"widget\" data-e-type=\"widget\" data-widget_type=\"spacer.default\">\n\t\t\t\t<div class=\"elementor-widget-container\">\n\t\t\t\t\t\t\t<div class=\"elementor-spacer\">\n\t\t\t<div class=\"elementor-spacer-inner\"><\/div>\n\t\t<\/div>\n\t\t\t\t\t\t<\/div>\n\t\t\t\t<\/div>\n\t\t\t\t<div class=\"elementor-element elementor-element-efe96dc exad-sticky-section-no exad-glass-effect-no elementor-widget elementor-widget-image\" data-id=\"efe96dc\" data-element_type=\"widget\" data-e-type=\"widget\" data-widget_type=\"image.default\">\n\t\t\t\t<div class=\"elementor-widget-container\">\n\t\t\t\t\t\t\t\t\t\t\t\t\t\t\t<img decoding=\"async\" src=\"https:\/\/nmmassage.fr\/wp-content\/uploads\/elementor\/thumbs\/4-e1705440358482-qievp8t9ws5oejvhe1qnapvnk0rql8upttretwdp0c.png\" title=\"4\" alt=\"4\" loading=\"lazy\" \/>\t\t\t\t\t\t\t\t\t\t\t\t\t\t\t<\/div>\n\t\t\t\t<\/div>\n\t\t\t\t\t<\/div>\n\t\t<\/div>\n\t\t\t\t\t<\/div>\n\t\t<\/section>\n\t\t\t\t<div class=\"elementor-element elementor-element-42c372e exad-sticky-section-no exad-glass-effect-no elementor-widget elementor-widget-spacer\" data-id=\"42c372e\" data-element_type=\"widget\" data-e-type=\"widget\" data-widget_type=\"spacer.default\">\n\t\t\t\t<div class=\"elementor-widget-container\">\n\t\t\t\t\t\t\t<div class=\"elementor-spacer\">\n\t\t\t<div class=\"elementor-spacer-inner\"><\/div>\n\t\t<\/div>\n\t\t\t\t\t\t<\/div>\n\t\t\t\t<\/div>\n\t\t\t\t<div class=\"elementor-element elementor-element-9a2d198 exad-sticky-section-no exad-glass-effect-no elementor-widget elementor-widget-spacer\" data-id=\"9a2d198\" data-element_type=\"widget\" data-e-type=\"widget\" data-widget_type=\"spacer.default\">\n\t\t\t\t<div class=\"elementor-widget-container\">\n\t\t\t\t\t\t\t<div class=\"elementor-spacer\">\n\t\t\t<div class=\"elementor-spacer-inner\"><\/div>\n\t\t<\/div>\n\t\t\t\t\t\t<\/div>\n\t\t\t\t<\/div>\n\t\t\t\t\t<\/div>\n\t\t<\/div>\n\t\t\t\t<div class=\"elementor-column elementor-col-50 elementor-top-column elementor-element elementor-element-e774fe1 exad-glass-effect-no exad-sticky-section-no\" data-id=\"e774fe1\" data-element_type=\"column\" data-e-type=\"column\" data-settings=\"{&quot;background_background&quot;:&quot;classic&quot;}\">\n\t\t\t<div class=\"elementor-widget-wrap elementor-element-populated\">\n\t\t\t\t\t\t<div class=\"elementor-element elementor-element-b71415f exad-sticky-section-no exad-glass-effect-no elementor-widget elementor-widget-spacer\" data-id=\"b71415f\" data-element_type=\"widget\" data-e-type=\"widget\" data-widget_type=\"spacer.default\">\n\t\t\t\t<div class=\"elementor-widget-container\">\n\t\t\t\t\t\t\t<div class=\"elementor-spacer\">\n\t\t\t<div class=\"elementor-spacer-inner\"><\/div>\n\t\t<\/div>\n\t\t\t\t\t\t<\/div>\n\t\t\t\t<\/div>\n\t\t\t\t<div class=\"elementor-element elementor-element-e1d4b15 exad-sticky-section-no exad-glass-effect-no elementor-widget elementor-widget-text-editor\" data-id=\"e1d4b15\" data-element_type=\"widget\" data-e-type=\"widget\" data-widget_type=\"text-editor.default\">\n\t\t\t\t<div class=\"elementor-widget-container\">\n\t\t\t\t\t\t\t\t\t<ul><li>NMmassage, <strong>l<\/strong><b>&lsquo;adresse officielle de notre site est : \u00ab\u00a0<u>https:\/\/www.nmmassage.fr<\/u>\u00ab\u00a0<br \/><\/b>Vous pouvez nous contacter via : <b>nmmassage.pro@gmail.com <\/b>\/\/<b> 07 89 06 35 32 <\/b><p>\u00a0<\/p><\/li><li style=\"text-align: left;\"><span style=\"color: var( --e-global-color-d1f259d ); font-size: 1rem;\"><strong>Nicolas MIRAMONT &#8211; E.I<\/strong> <em>(<\/em><\/span><em>Entrepreneur Individuel)<\/em><br \/>Num\u00e9ro TVA Intracommunautaire : FR26910762525<br \/><span style=\"color: var( --e-global-color-d1f259d ); font-size: 1rem;\">RCS :\u00a0<\/span>910762525\u00a0<br \/><u>144 all\u00e9e George-Sand 26500 BOURG-LES-VALENCE <\/u><p>\u00a0<\/p><\/li><\/ul>\t\t\t\t\t\t\t\t<\/div>\n\t\t\t\t<\/div>\n\t\t\t\t<div class=\"elementor-element elementor-element-13cfb03 elementor-widget-divider--view-line exad-sticky-section-no exad-glass-effect-no elementor-widget elementor-widget-divider\" data-id=\"13cfb03\" data-element_type=\"widget\" data-e-type=\"widget\" data-widget_type=\"divider.default\">\n\t\t\t\t<div class=\"elementor-widget-container\">\n\t\t\t\t\t\t\t<div class=\"elementor-divider\">\n\t\t\t<span class=\"elementor-divider-separator\">\n\t\t\t\t\t\t<\/span>\n\t\t<\/div>\n\t\t\t\t\t\t<\/div>\n\t\t\t\t<\/div>\n\t\t\t\t<div class=\"elementor-element elementor-element-abab1e7 exad-sticky-section-no exad-glass-effect-no elementor-widget elementor-widget-heading\" data-id=\"abab1e7\" data-element_type=\"widget\" data-e-type=\"widget\" data-widget_type=\"heading.default\">\n\t\t\t\t<div class=\"elementor-widget-container\">\n\t\t\t\t\t<h3 class=\"elementor-heading-title elementor-size-default\">Gestion du site internet<\/h3>\t\t\t\t<\/div>\n\t\t\t\t<\/div>\n\t\t\t\t<div class=\"elementor-element elementor-element-218b447 exad-sticky-section-no exad-glass-effect-no elementor-widget elementor-widget-text-editor\" data-id=\"218b447\" data-element_type=\"widget\" data-e-type=\"widget\" data-widget_type=\"text-editor.default\">\n\t\t\t\t<div class=\"elementor-widget-container\">\n\t\t\t\t\t\t\t\t\t<ul><li><span style=\"color: var( --e-global-color-d1f259d ); font-size: 1rem;\"><strong>Agence Prospere &#8211; S.A.S.U\u00a0<\/strong>(<\/span><i>Soci\u00e9t\u00e9 par Actions Simplifi\u00e9e \u00e0 associ\u00e9 Unique)<\/i><br \/>Site\u00a0officiel : \u00ab\u00a0<u style=\"text-decoration: underline;\">https:\/\/www.prospere.fr<\/u><span style=\"text-decoration: none;\">\u00ab\u00a0<br \/><\/span><u>6 rue de l&rsquo;\u00e9ternit\u00e9 69008 LYON<\/u><\/li><\/ul>\t\t\t\t\t\t\t\t<\/div>\n\t\t\t\t<\/div>\n\t\t\t\t<div class=\"elementor-element elementor-element-c678533 exad-sticky-section-no exad-glass-effect-no elementor-widget elementor-widget-spacer\" data-id=\"c678533\" data-element_type=\"widget\" data-e-type=\"widget\" data-widget_type=\"spacer.default\">\n\t\t\t\t<div class=\"elementor-widget-container\">\n\t\t\t\t\t\t\t<div class=\"elementor-spacer\">\n\t\t\t<div class=\"elementor-spacer-inner\"><\/div>\n\t\t<\/div>\n\t\t\t\t\t\t<\/div>\n\t\t\t\t<\/div>\n\t\t\t\t<div class=\"elementor-element elementor-element-68253fe exad-sticky-section-no exad-glass-effect-no elementor-widget elementor-widget-heading\" data-id=\"68253fe\" data-element_type=\"widget\" data-e-type=\"widget\" data-widget_type=\"heading.default\">\n\t\t\t\t<div class=\"elementor-widget-container\">\n\t\t\t\t\t<h3 class=\"elementor-heading-title elementor-size-default\">H\u00e9bergement du site internet<\/h3>\t\t\t\t<\/div>\n\t\t\t\t<\/div>\n\t\t\t\t<div class=\"elementor-element elementor-element-7eb865e exad-sticky-section-no exad-glass-effect-no elementor-widget elementor-widget-text-editor\" data-id=\"7eb865e\" data-element_type=\"widget\" data-e-type=\"widget\" data-widget_type=\"text-editor.default\">\n\t\t\t\t<div class=\"elementor-widget-container\">\n\t\t\t\t\t\t\t\t\t<ul><li><span style=\"color: var( --e-global-color-d1f259d ); font-size: 1rem;\"><strong>OVH &#8211; S.A.S.U <\/strong>(<\/span><i>Soci\u00e9t\u00e9 par Actions Simplifi\u00e9e \u00e0 associ\u00e9 Unique)<\/i><br \/>T\u00e9l\u00e9phone : 09 72 10 10 07<br \/><u>2 rue Kellermann 59100 ROUBAIX<\/u><\/li><\/ul>\t\t\t\t\t\t\t\t<\/div>\n\t\t\t\t<\/div>\n\t\t\t\t<div class=\"elementor-element elementor-element-452601f exad-sticky-section-no exad-glass-effect-no elementor-widget elementor-widget-spacer\" data-id=\"452601f\" data-element_type=\"widget\" data-e-type=\"widget\" data-widget_type=\"spacer.default\">\n\t\t\t\t<div class=\"elementor-widget-container\">\n\t\t\t\t\t\t\t<div class=\"elementor-spacer\">\n\t\t\t<div class=\"elementor-spacer-inner\"><\/div>\n\t\t<\/div>\n\t\t\t\t\t\t<\/div>\n\t\t\t\t<\/div>\n\t\t\t\t\t<\/div>\n\t\t<\/div>\n\t\t\t\t\t<\/div>\n\t\t<\/section>\n\t\t\t\t<\/div>\n\t\t","protected":false},"excerpt":{"rendered":"<p>Qui sommes-nous ? NMmassage, l&lsquo;adresse officielle de notre site est : \u00ab\u00a0https:\/\/www.nmmassage.fr\u00ab\u00a0Vous pouvez nous contacter via : nmmassage.pro@gmail.com \/\/ 07 89 06 35 32 \u00a0 Nicolas MIRAMONT &#8211; E.I (Entrepreneur Individuel)Num\u00e9ro TVA Intracommunautaire : FR26910762525RCS :\u00a0910762525\u00a0144 all\u00e9e George-Sand 26500 BOURG-LES-VALENCE \u00a0 Gestion du site internet Agence Prospere &#8211; S.A.S.U\u00a0(Soci\u00e9t\u00e9 par Actions Simplifi\u00e9e \u00e0 associ\u00e9 Unique)Site\u00a0officiel [&hellip;]<\/p>\n","protected":false},"author":1,"featured_media":0,"parent":0,"menu_order":0,"comment_status":"closed","ping_status":"closed","template":"","meta":{"_monsterinsights_skip_tracking":false,"_monsterinsights_sitenote_active":false,"_monsterinsights_sitenote_note":"","_monsterinsights_sitenote_category":0,"footnotes":""},"class_list":["post-1232","page","type-page","status-publish","hentry"],"yoast_head":"<!-- This site is optimized with the Yoast SEO plugin v27.3 - https:\/\/yoast.com\/product\/yoast-seo-wordpress\/ -->\n<title>Mentions l\u00e9gales - NMMassage<\/title>\n<meta name=\"robots\" content=\"index, follow, max-snippet:-1, max-image-preview:large, max-video-preview:-1\" \/>\n<link rel=\"canonical\" href=\"https:\/\/nmmassage.fr\/index.php\/mentions-legales\/\" \/>\n<meta property=\"og:locale\" content=\"fr_FR\" \/>\n<meta property=\"og:type\" content=\"article\" \/>\n<meta property=\"og:title\" content=\"Mentions l\u00e9gales - NMMassage\" \/>\n<meta property=\"og:description\" content=\"Qui sommes-nous ? NMmassage, l&lsquo;adresse officielle de notre site est : \u00ab\u00a0https:\/\/www.nmmassage.fr\u00ab\u00a0Vous pouvez nous contacter via : nmmassage.pro@gmail.com \/\/ 07 89 06 35 32 \u00a0 Nicolas MIRAMONT &#8211; E.I (Entrepreneur Individuel)Num\u00e9ro TVA Intracommunautaire : FR26910762525RCS :\u00a0910762525\u00a0144 all\u00e9e George-Sand 26500 BOURG-LES-VALENCE \u00a0 Gestion du site internet Agence Prospere &#8211; S.A.S.U\u00a0(Soci\u00e9t\u00e9 par Actions Simplifi\u00e9e \u00e0 associ\u00e9 Unique)Site\u00a0officiel [&hellip;]\" \/>\n<meta property=\"og:url\" content=\"https:\/\/nmmassage.fr\/index.php\/mentions-legales\/\" \/>\n<meta property=\"og:site_name\" content=\"NMMassage\" \/>\n<meta property=\"article:modified_time\" content=\"2024-03-06T21:04:19+00:00\" \/>\n<meta property=\"og:image\" content=\"https:\/\/nmmassage.fr\/wp-content\/uploads\/elementor\/thumbs\/MentionsLegales-e1706895546850-qj87497r9bhds6nl9vdsjzkmv8t0v3eiybg72nyjto.png\" \/>\n<meta name=\"twitter:card\" content=\"summary_large_image\" \/>\n<script type=\"application\/ld+json\" class=\"yoast-schema-graph\">{\"@context\":\"https:\\\/\\\/schema.org\",\"@graph\":[{\"@type\":\"WebPage\",\"@id\":\"https:\\\/\\\/nmmassage.fr\\\/index.php\\\/mentions-legales\\\/\",\"url\":\"https:\\\/\\\/nmmassage.fr\\\/index.php\\\/mentions-legales\\\/\",\"name\":\"Mentions l\u00e9gales - NMMassage\",\"isPartOf\":{\"@id\":\"https:\\\/\\\/nmmassage.fr\\\/#website\"},\"primaryImageOfPage\":{\"@id\":\"https:\\\/\\\/nmmassage.fr\\\/index.php\\\/mentions-legales\\\/#primaryimage\"},\"image\":{\"@id\":\"https:\\\/\\\/nmmassage.fr\\\/index.php\\\/mentions-legales\\\/#primaryimage\"},\"thumbnailUrl\":\"https:\\\/\\\/nmmassage.fr\\\/wp-content\\\/uploads\\\/elementor\\\/thumbs\\\/MentionsLegales-e1706895546850-qj87497r9bhds6nl9vdsjzkmv8t0v3eiybg72nyjto.png\",\"datePublished\":\"2024-01-22T16:48:09+00:00\",\"dateModified\":\"2024-03-06T21:04:19+00:00\",\"breadcrumb\":{\"@id\":\"https:\\\/\\\/nmmassage.fr\\\/index.php\\\/mentions-legales\\\/#breadcrumb\"},\"inLanguage\":\"fr-FR\",\"potentialAction\":[{\"@type\":\"ReadAction\",\"target\":[\"https:\\\/\\\/nmmassage.fr\\\/index.php\\\/mentions-legales\\\/\"]}]},{\"@type\":\"ImageObject\",\"inLanguage\":\"fr-FR\",\"@id\":\"https:\\\/\\\/nmmassage.fr\\\/index.php\\\/mentions-legales\\\/#primaryimage\",\"url\":\"https:\\\/\\\/nmmassage.fr\\\/wp-content\\\/uploads\\\/elementor\\\/thumbs\\\/MentionsLegales-e1706895546850-qj87497r9bhds6nl9vdsjzkmv8t0v3eiybg72nyjto.png\",\"contentUrl\":\"https:\\\/\\\/nmmassage.fr\\\/wp-content\\\/uploads\\\/elementor\\\/thumbs\\\/MentionsLegales-e1706895546850-qj87497r9bhds6nl9vdsjzkmv8t0v3eiybg72nyjto.png\"},{\"@type\":\"BreadcrumbList\",\"@id\":\"https:\\\/\\\/nmmassage.fr\\\/index.php\\\/mentions-legales\\\/#breadcrumb\",\"itemListElement\":[{\"@type\":\"ListItem\",\"position\":1,\"name\":\"Accueil\",\"item\":\"https:\\\/\\\/nmmassage.fr\\\/\"},{\"@type\":\"ListItem\",\"position\":2,\"name\":\"Mentions l\u00e9gales\"}]},{\"@type\":\"WebSite\",\"@id\":\"https:\\\/\\\/nmmassage.fr\\\/#website\",\"url\":\"https:\\\/\\\/nmmassage.fr\\\/\",\"name\":\"NMMassage\",\"description\":\"Bien-\u00eatre &amp; Sport\",\"publisher\":{\"@id\":\"https:\\\/\\\/nmmassage.fr\\\/#organization\"},\"potentialAction\":[{\"@type\":\"SearchAction\",\"target\":{\"@type\":\"EntryPoint\",\"urlTemplate\":\"https:\\\/\\\/nmmassage.fr\\\/?s={search_term_string}\"},\"query-input\":{\"@type\":\"PropertyValueSpecification\",\"valueRequired\":true,\"valueName\":\"search_term_string\"}}],\"inLanguage\":\"fr-FR\"},{\"@type\":\"Organization\",\"@id\":\"https:\\\/\\\/nmmassage.fr\\\/#organization\",\"name\":\"NMMassage\",\"url\":\"https:\\\/\\\/nmmassage.fr\\\/\",\"logo\":{\"@type\":\"ImageObject\",\"inLanguage\":\"fr-FR\",\"@id\":\"https:\\\/\\\/nmmassage.fr\\\/#\\\/schema\\\/logo\\\/image\\\/\",\"url\":\"https:\\\/\\\/nmmassage.fr\\\/wp-content\\\/uploads\\\/2022\\\/06\\\/LOGO-N2-e1700668024523.png\",\"contentUrl\":\"https:\\\/\\\/nmmassage.fr\\\/wp-content\\\/uploads\\\/2022\\\/06\\\/LOGO-N2-e1700668024523.png\",\"width\":675,\"height\":363,\"caption\":\"NMMassage\"},\"image\":{\"@id\":\"https:\\\/\\\/nmmassage.fr\\\/#\\\/schema\\\/logo\\\/image\\\/\"}}]}<\/script>\n<!-- \/ Yoast SEO plugin. -->","yoast_head_json":{"title":"Mentions l\u00e9gales - NMMassage","robots":{"index":"index","follow":"follow","max-snippet":"max-snippet:-1","max-image-preview":"max-image-preview:large","max-video-preview":"max-video-preview:-1"},"canonical":"https:\/\/nmmassage.fr\/index.php\/mentions-legales\/","og_locale":"fr_FR","og_type":"article","og_title":"Mentions l\u00e9gales - NMMassage","og_description":"Qui sommes-nous ? NMmassage, l&lsquo;adresse officielle de notre site est : \u00ab\u00a0https:\/\/www.nmmassage.fr\u00ab\u00a0Vous pouvez nous contacter via : nmmassage.pro@gmail.com \/\/ 07 89 06 35 32 \u00a0 Nicolas MIRAMONT &#8211; E.I (Entrepreneur Individuel)Num\u00e9ro TVA Intracommunautaire : FR26910762525RCS :\u00a0910762525\u00a0144 all\u00e9e George-Sand 26500 BOURG-LES-VALENCE \u00a0 Gestion du site internet Agence Prospere &#8211; S.A.S.U\u00a0(Soci\u00e9t\u00e9 par Actions Simplifi\u00e9e \u00e0 associ\u00e9 Unique)Site\u00a0officiel [&hellip;]","og_url":"https:\/\/nmmassage.fr\/index.php\/mentions-legales\/","og_site_name":"NMMassage","article_modified_time":"2024-03-06T21:04:19+00:00","og_image":[{"url":"https:\/\/nmmassage.fr\/wp-content\/uploads\/elementor\/thumbs\/MentionsLegales-e1706895546850-qj87497r9bhds6nl9vdsjzkmv8t0v3eiybg72nyjto.png","type":"","width":"","height":""}],"twitter_card":"summary_large_image","schema":{"@context":"https:\/\/schema.org","@graph":[{"@type":"WebPage","@id":"https:\/\/nmmassage.fr\/index.php\/mentions-legales\/","url":"https:\/\/nmmassage.fr\/index.php\/mentions-legales\/","name":"Mentions l\u00e9gales - NMMassage","isPartOf":{"@id":"https:\/\/nmmassage.fr\/#website"},"primaryImageOfPage":{"@id":"https:\/\/nmmassage.fr\/index.php\/mentions-legales\/#primaryimage"},"image":{"@id":"https:\/\/nmmassage.fr\/index.php\/mentions-legales\/#primaryimage"},"thumbnailUrl":"https:\/\/nmmassage.fr\/wp-content\/uploads\/elementor\/thumbs\/MentionsLegales-e1706895546850-qj87497r9bhds6nl9vdsjzkmv8t0v3eiybg72nyjto.png","datePublished":"2024-01-22T16:48:09+00:00","dateModified":"2024-03-06T21:04:19+00:00","breadcrumb":{"@id":"https:\/\/nmmassage.fr\/index.php\/mentions-legales\/#breadcrumb"},"inLanguage":"fr-FR","potentialAction":[{"@type":"ReadAction","target":["https:\/\/nmmassage.fr\/index.php\/mentions-legales\/"]}]},{"@type":"ImageObject","inLanguage":"fr-FR","@id":"https:\/\/nmmassage.fr\/index.php\/mentions-legales\/#primaryimage","url":"https:\/\/nmmassage.fr\/wp-content\/uploads\/elementor\/thumbs\/MentionsLegales-e1706895546850-qj87497r9bhds6nl9vdsjzkmv8t0v3eiybg72nyjto.png","contentUrl":"https:\/\/nmmassage.fr\/wp-content\/uploads\/elementor\/thumbs\/MentionsLegales-e1706895546850-qj87497r9bhds6nl9vdsjzkmv8t0v3eiybg72nyjto.png"},{"@type":"BreadcrumbList","@id":"https:\/\/nmmassage.fr\/index.php\/mentions-legales\/#breadcrumb","itemListElement":[{"@type":"ListItem","position":1,"name":"Accueil","item":"https:\/\/nmmassage.fr\/"},{"@type":"ListItem","position":2,"name":"Mentions l\u00e9gales"}]},{"@type":"WebSite","@id":"https:\/\/nmmassage.fr\/#website","url":"https:\/\/nmmassage.fr\/","name":"NMMassage","description":"Bien-\u00eatre &amp; Sport","publisher":{"@id":"https:\/\/nmmassage.fr\/#organization"},"potentialAction":[{"@type":"SearchAction","target":{"@type":"EntryPoint","urlTemplate":"https:\/\/nmmassage.fr\/?s={search_term_string}"},"query-input":{"@type":"PropertyValueSpecification","valueRequired":true,"valueName":"search_term_string"}}],"inLanguage":"fr-FR"},{"@type":"Organization","@id":"https:\/\/nmmassage.fr\/#organization","name":"NMMassage","url":"https:\/\/nmmassage.fr\/","logo":{"@type":"ImageObject","inLanguage":"fr-FR","@id":"https:\/\/nmmassage.fr\/#\/schema\/logo\/image\/","url":"https:\/\/nmmassage.fr\/wp-content\/uploads\/2022\/06\/LOGO-N2-e1700668024523.png","contentUrl":"https:\/\/nmmassage.fr\/wp-content\/uploads\/2022\/06\/LOGO-N2-e1700668024523.png","width":675,"height":363,"caption":"NMMassage"},"image":{"@id":"https:\/\/nmmassage.fr\/#\/schema\/logo\/image\/"}}]}},"_links":{"self":[{"href":"https:\/\/nmmassage.fr\/index.php\/wp-json\/wp\/v2\/pages\/1232","targetHints":{"allow":["GET"]}}],"collection":[{"href":"https:\/\/nmmassage.fr\/index.php\/wp-json\/wp\/v2\/pages"}],"about":[{"href":"https:\/\/nmmassage.fr\/index.php\/wp-json\/wp\/v2\/types\/page"}],"author":[{"embeddable":true,"href":"https:\/\/nmmassage.fr\/index.php\/wp-json\/wp\/v2\/users\/1"}],"replies":[{"embeddable":true,"href":"https:\/\/nmmassage.fr\/index.php\/wp-json\/wp\/v2\/comments?post=1232"}],"version-history":[{"count":7,"href":"https:\/\/nmmassage.fr\/index.php\/wp-json\/wp\/v2\/pages\/1232\/revisions"}],"predecessor-version":[{"id":2255,"href":"https:\/\/nmmassage.fr\/index.php\/wp-json\/wp\/v2\/pages\/1232\/revisions\/2255"}],"wp:attachment":[{"href":"https:\/\/nmmassage.fr\/index.php\/wp-json\/wp\/v2\/media?parent=1232"}],"curies":[{"name":"wp","href":"https:\/\/api.w.org\/{rel}","templated":true}]}}